{"id":14,"date":"2021-11-21T15:14:19","date_gmt":"2021-11-21T15:14:19","guid":{"rendered":"https:\/\/fewo-kast-bodensee.de\/index.php\/about\/"},"modified":"2025-07-28T12:33:24","modified_gmt":"2025-07-28T12:33:24","slug":"about","status":"publish","type":"page","link":"https:\/\/fewo-kast-bodensee.de\/index.php\/about\/","title":{"rendered":"Ferienwohnung"},"content":{"rendered":"\t\t<div data-elementor-type=\"wp-page\" data-elementor-id=\"14\" class=\"elementor elementor-14\">\n\t\t\t\t\t\t<section class=\"elementor-section elementor-top-section elementor-element elementor-element-3447f83 elementor-section-height-min-height elementor-section-boxed elementor-section-height-default elementor-section-items-middle\" data-id=\"3447f83\" data-element_type=\"section\" data-e-type=\"section\" data-settings=\"{&quot;background_background&quot;:&quot;classic&quot;}\">\n\t\t\t\t\t\t<div class=\"elementor-container elementor-column-gap-default\">\n\t\t\t\t\t<div class=\"elementor-column elementor-col-100 elementor-top-column elementor-element elementor-element-b3a35f8\" data-id=\"b3a35f8\" data-element_type=\"column\" data-e-type=\"column\">\n\t\t\t<div class=\"elementor-widget-wrap elementor-element-populated\">\n\t\t\t\t\t\t<div class=\"elementor-element elementor-element-32eb271 elementor-widget elementor-widget-heading\" data-id=\"32eb271\" data-element_type=\"widget\" data-e-type=\"widget\" data-widget_type=\"heading.default\">\n\t\t\t\t<div class=\"elementor-widget-container\">\n\t\t\t\t\t<h1 class=\"elementor-heading-title elementor-size-default\">Die &shy; ferien&shy;wohnung<\/h1>\t\t\t\t<\/div>\n\t\t\t\t<\/div>\n\t\t\t\t\t<\/div>\n\t\t<\/div>\n\t\t\t\t\t<\/div>\n\t\t<\/section>\n\t\t\t\t<section class=\"elementor-section elementor-top-section elementor-element elementor-element-7b60b6f elementor-section-boxed elementor-section-height-default elementor-section-height-default\" data-id=\"7b60b6f\" data-element_type=\"section\" data-e-type=\"section\">\n\t\t\t\t\t\t<div class=\"elementor-container elementor-column-gap-default\">\n\t\t\t\t\t<div class=\"elementor-column elementor-col-50 elementor-top-column elementor-element elementor-element-2c9e119\" data-id=\"2c9e119\" data-element_type=\"column\" data-e-type=\"column\">\n\t\t\t<div class=\"elementor-widget-wrap elementor-element-populated\">\n\t\t\t\t\t\t<div class=\"elementor-element elementor-element-27db1cb elementor-widget elementor-widget-heading\" data-id=\"27db1cb\" data-element_type=\"widget\" data-e-type=\"widget\" data-widget_type=\"heading.default\">\n\t\t\t\t<div class=\"elementor-widget-container\">\n\t\t\t\t\t<h5 class=\"elementor-heading-title elementor-size-default\">Wohnung<\/h5>\t\t\t\t<\/div>\n\t\t\t\t<\/div>\n\t\t\t\t<div class=\"elementor-element elementor-element-9aa8d8c elementor-widget elementor-widget-text-editor\" data-id=\"9aa8d8c\" data-element_type=\"widget\" data-e-type=\"widget\" data-widget_type=\"text-editor.default\">\n\t\t\t\t<div class=\"elementor-widget-container\">\n\t\t\t\t\t\t\t\t\t<p>Unsere Ferienwohnung liegt am Rande eines Naturschutzgebietes, umgeben von Obstplantagen. Genie\u00dfen Sie den traumhaften <strong>Panoramablick auf die Alpen<\/strong> vom Wohn- und Essbereich sowie von den <strong>beiden sch\u00f6nen Balkonen<\/strong>, die nach Osten und S\u00fcden ausgerichtet sind. Die Wohnung bietet auf ca. <strong>75\u00a0m\u00b2<\/strong> viel Platz und befindet sich im ersten Stock eines Mehrfamilienhauses mit 8 Wohneinheiten, das im Januar 2023 fertig gestellt wurde. Ein <strong>Tiefgaragenstellplatz<\/strong> und ein <strong>Fahrradkeller<\/strong> stehen Ihnen ebenfalls zur Verf\u00fcgung. Die Wohnung ist bequem \u00fcber einen <strong>Aufzug<\/strong> zu erreichen.<\/p>\t\t\t\t\t\t\t\t<\/div>\n\t\t\t\t<\/div>\n\t\t\t\t\t<\/div>\n\t\t<\/div>\n\t\t\t\t<div class=\"elementor-column elementor-col-50 elementor-top-column elementor-element elementor-element-8f6308b\" data-id=\"8f6308b\" data-element_type=\"column\" data-e-type=\"column\">\n\t\t\t<div class=\"elementor-widget-wrap elementor-element-populated\">\n\t\t\t\t\t\t<div class=\"elementor-element elementor-element-2aa038d elementor-arrows-position-inside elementor-pagination-position-outside elementor-widget elementor-widget-image-carousel\" data-id=\"2aa038d\" data-element_type=\"widget\" data-e-type=\"widget\" data-settings=\"{&quot;slides_to_show&quot;:&quot;1&quot;,&quot;autoplay&quot;:&quot;no&quot;,&quot;navigation&quot;:&quot;both&quot;,&quot;infinite&quot;:&quot;yes&quot;,&quot;effect&quot;:&quot;slide&quot;,&quot;speed&quot;:500}\" data-widget_type=\"image-carousel.default\">\n\t\t\t\t<div class=\"elementor-widget-container\">\n\t\t\t\t\t\t\t<div class=\"elementor-image-carousel-wrapper swiper\" role=\"region\" aria-roledescription=\"carousel\" aria-label=\"Image Carousel\" dir=\"ltr\">\n\t\t\t<div class=\"elementor-image-carousel swiper-wrapper\" aria-live=\"polite\">\n\t\t\t\t\t\t\t\t<div class=\"swiper-slide\" role=\"group\" aria-roledescription=\"slide\" aria-label=\"1 of 4\"><a data-elementor-open-lightbox=\"yes\" data-elementor-lightbox-slideshow=\"2aa038d\" data-elementor-lightbox-title=\"20230925_134354\" data-e-action-hash=\"#elementor-action%3Aaction%3Dlightbox%26settings%3DeyJpZCI6MjUxNywidXJsIjoiaHR0cHM6XC9cL2Zld28ta2FzdC1ib2RlbnNlZS5kZVwvd3AtY29udGVudFwvdXBsb2Fkc1wvMjAyM1wvMTJcLzIwMjMwOTI1XzEzNDM1NC1zY2FsZWQuanBnIiwic2xpZGVzaG93IjoiMmFhMDM4ZCJ9\" href=\"https:\/\/fewo-kast-bodensee.de\/wp-content\/uploads\/2023\/12\/20230925_134354-scaled.jpg\"><figure class=\"swiper-slide-inner\"><img decoding=\"async\" class=\"swiper-slide-image\" src=\"https:\/\/fewo-kast-bodensee.de\/wp-content\/uploads\/elementor\/thumbs\/20230925_134354-scaled-qgg9wow31fh6csmfxigb1eparoulbg001xir6sdm74.jpg\" alt=\"20230925_134354\" \/><\/figure><\/a><\/div><div class=\"swiper-slide\" role=\"group\" aria-roledescription=\"slide\" aria-label=\"2 of 4\"><a data-elementor-open-lightbox=\"yes\" data-elementor-lightbox-slideshow=\"2aa038d\" data-elementor-lightbox-title=\"wohnzimmer_essbereich\" data-e-action-hash=\"#elementor-action%3Aaction%3Dlightbox%26settings%3DeyJpZCI6MjQxOCwidXJsIjoiaHR0cHM6XC9cL2Zld28ta2FzdC1ib2RlbnNlZS5kZVwvd3AtY29udGVudFwvdXBsb2Fkc1wvMjAyM1wvMDVcL3dvaG56aW1tZXJfZXNzYmVyZWljaC5qcGVnIiwic2xpZGVzaG93IjoiMmFhMDM4ZCJ9\" href=\"https:\/\/fewo-kast-bodensee.de\/wp-content\/uploads\/2023\/05\/wohnzimmer_essbereich.jpeg\"><figure class=\"swiper-slide-inner\"><img decoding=\"async\" class=\"swiper-slide-image\" src=\"https:\/\/fewo-kast-bodensee.de\/wp-content\/uploads\/elementor\/thumbs\/wohnzimmer_essbereich-q6udhwl6yunu786wwkzhoimkofcx1fj6ochl4dnxcw.jpeg\" alt=\"wohnzimmer_essbereich\" \/><\/figure><\/a><\/div><div class=\"swiper-slide\" role=\"group\" aria-roledescription=\"slide\" aria-label=\"3 of 4\"><a data-elementor-open-lightbox=\"yes\" data-elementor-lightbox-slideshow=\"2aa038d\" data-elementor-lightbox-title=\"wohnzimmer_couch\" data-e-action-hash=\"#elementor-action%3Aaction%3Dlightbox%26settings%3DeyJpZCI6MjQxNywidXJsIjoiaHR0cHM6XC9cL2Zld28ta2FzdC1ib2RlbnNlZS5kZVwvd3AtY29udGVudFwvdXBsb2Fkc1wvMjAyM1wvMDVcL3dvaG56aW1tZXJfY291Y2guanBlZyIsInNsaWRlc2hvdyI6IjJhYTAzOGQifQ%3D%3D\" href=\"https:\/\/fewo-kast-bodensee.de\/wp-content\/uploads\/2023\/05\/wohnzimmer_couch.jpeg\"><figure class=\"swiper-slide-inner\"><img decoding=\"async\" class=\"swiper-slide-image\" src=\"https:\/\/fewo-kast-bodensee.de\/wp-content\/uploads\/elementor\/thumbs\/wohnzimmer_couch-q6udhvncs0mjvm8a22kv40v431hjtqfgc7u3n3pbj4.jpeg\" alt=\"wohnzimmer_couch\" \/><\/figure><\/a><\/div><div class=\"swiper-slide\" role=\"group\" aria-roledescription=\"slide\" aria-label=\"4 of 4\"><a data-elementor-open-lightbox=\"yes\" data-elementor-lightbox-slideshow=\"2aa038d\" data-elementor-lightbox-title=\"schlafzimmer\" data-e-action-hash=\"#elementor-action%3Aaction%3Dlightbox%26settings%3DeyJpZCI6MjQxNiwidXJsIjoiaHR0cHM6XC9cL2Zld28ta2FzdC1ib2RlbnNlZS5kZVwvd3AtY29udGVudFwvdXBsb2Fkc1wvMjAyM1wvMDVcL3NjaGxhZnppbW1lci5qcGVnIiwic2xpZGVzaG93IjoiMmFhMDM4ZCJ9\" href=\"https:\/\/fewo-kast-bodensee.de\/wp-content\/uploads\/2023\/05\/schlafzimmer.jpeg\"><figure class=\"swiper-slide-inner\"><img decoding=\"async\" class=\"swiper-slide-image\" src=\"https:\/\/fewo-kast-bodensee.de\/wp-content\/uploads\/elementor\/thumbs\/schlafzimmer-q6udhvncs0mjvm8a22kv40v431hjtqfgc7u3n3pbj4.jpeg\" alt=\"schlafzimmer\" \/><\/figure><\/a><\/div>\t\t\t<\/div>\n\t\t\t\t\t\t\t\t\t\t\t\t<div class=\"elementor-swiper-button elementor-swiper-button-prev\" role=\"button\" tabindex=\"0\">\n\t\t\t\t\t\t<i aria-hidden=\"true\" class=\"eicon-chevron-left\"><\/i>\t\t\t\t\t<\/div>\n\t\t\t\t\t<div class=\"elementor-swiper-button elementor-swiper-button-next\" role=\"button\" tabindex=\"0\">\n\t\t\t\t\t\t<i aria-hidden=\"true\" class=\"eicon-chevron-right\"><\/i>\t\t\t\t\t<\/div>\n\t\t\t\t\n\t\t\t\t\t\t\t\t\t<div class=\"swiper-pagination\"><\/div>\n\t\t\t\t\t\t\t\t\t<\/div>\n\t\t\t\t\t\t<\/div>\n\t\t\t\t<\/div>\n\t\t\t\t\t<\/div>\n\t\t<\/div>\n\t\t\t\t\t<\/div>\n\t\t<\/section>\n\t\t\t\t<section class=\"elementor-section elementor-top-section elementor-element elementor-element-460970c elementor-section-boxed elementor-section-height-default elementor-section-height-default\" data-id=\"460970c\" data-element_type=\"section\" data-e-type=\"section\">\n\t\t\t\t\t\t<div class=\"elementor-container elementor-column-gap-wide\">\n\t\t\t\t\t<div class=\"elementor-column elementor-col-50 elementor-top-column elementor-element elementor-element-21f68a6\" data-id=\"21f68a6\" data-element_type=\"column\" data-e-type=\"column\">\n\t\t\t<div class=\"elementor-widget-wrap elementor-element-populated\">\n\t\t\t\t\t\t<div class=\"elementor-element elementor-element-82efaa7 elementor-arrows-position-inside elementor-pagination-position-outside elementor-widget elementor-widget-image-carousel\" data-id=\"82efaa7\" data-element_type=\"widget\" data-e-type=\"widget\" data-settings=\"{&quot;slides_to_show&quot;:&quot;1&quot;,&quot;autoplay&quot;:&quot;no&quot;,&quot;navigation&quot;:&quot;both&quot;,&quot;infinite&quot;:&quot;yes&quot;,&quot;effect&quot;:&quot;slide&quot;,&quot;speed&quot;:500}\" data-widget_type=\"image-carousel.default\">\n\t\t\t\t<div class=\"elementor-widget-container\">\n\t\t\t\t\t\t\t<div class=\"elementor-image-carousel-wrapper swiper\" role=\"region\" aria-roledescription=\"carousel\" aria-label=\"Image Carousel\" dir=\"ltr\">\n\t\t\t<div class=\"elementor-image-carousel swiper-wrapper\" aria-live=\"polite\">\n\t\t\t\t\t\t\t\t<div class=\"swiper-slide\" role=\"group\" aria-roledescription=\"slide\" aria-label=\"1 of 2\"><a data-elementor-open-lightbox=\"yes\" data-elementor-lightbox-slideshow=\"82efaa7\" data-elementor-lightbox-title=\"kueche\" data-e-action-hash=\"#elementor-action%3Aaction%3Dlightbox%26settings%3DeyJpZCI6MjQxMywidXJsIjoiaHR0cHM6XC9cL2Zld28ta2FzdC1ib2RlbnNlZS5kZVwvd3AtY29udGVudFwvdXBsb2Fkc1wvMjAyM1wvMDVcL2t1ZWNoZS5qcGVnIiwic2xpZGVzaG93IjoiODJlZmFhNyJ9\" href=\"https:\/\/fewo-kast-bodensee.de\/wp-content\/uploads\/2023\/05\/kueche.jpeg\"><figure class=\"swiper-slide-inner\"><img decoding=\"async\" class=\"swiper-slide-image\" src=\"https:\/\/fewo-kast-bodensee.de\/wp-content\/uploads\/elementor\/thumbs\/kueche-q6udhstu7iiowscdijczejkqavvg6n49btvn79ti1s.jpeg\" alt=\"kueche\" \/><\/figure><\/a><\/div><div class=\"swiper-slide\" role=\"group\" aria-roledescription=\"slide\" aria-label=\"2 of 2\"><a data-elementor-open-lightbox=\"yes\" data-elementor-lightbox-slideshow=\"82efaa7\" data-elementor-lightbox-title=\"bad\" data-e-action-hash=\"#elementor-action%3Aaction%3Dlightbox%26settings%3DeyJpZCI6MjQxMiwidXJsIjoiaHR0cHM6XC9cL2Zld28ta2FzdC1ib2RlbnNlZS5kZVwvd3AtY29udGVudFwvdXBsb2Fkc1wvMjAyM1wvMDVcL2JhZC5qcGVnIiwic2xpZGVzaG93IjoiODJlZmFhNyJ9\" href=\"https:\/\/fewo-kast-bodensee.de\/wp-content\/uploads\/2023\/05\/bad.jpeg\"><figure class=\"swiper-slide-inner\"><img decoding=\"async\" class=\"swiper-slide-image\" src=\"https:\/\/fewo-kast-bodensee.de\/wp-content\/uploads\/elementor\/thumbs\/bad-q6udhrw00ohel6dqo0ycu1t9pi02yy0izp85pzuw80.jpeg\" alt=\"bad\" \/><\/figure><\/a><\/div>\t\t\t<\/div>\n\t\t\t\t\t\t\t\t\t\t\t\t<div class=\"elementor-swiper-button elementor-swiper-button-prev\" role=\"button\" tabindex=\"0\">\n\t\t\t\t\t\t<i aria-hidden=\"true\" class=\"eicon-chevron-left\"><\/i>\t\t\t\t\t<\/div>\n\t\t\t\t\t<div class=\"elementor-swiper-button elementor-swiper-button-next\" role=\"button\" tabindex=\"0\">\n\t\t\t\t\t\t<i aria-hidden=\"true\" class=\"eicon-chevron-right\"><\/i>\t\t\t\t\t<\/div>\n\t\t\t\t\n\t\t\t\t\t\t\t\t\t<div class=\"swiper-pagination\"><\/div>\n\t\t\t\t\t\t\t\t\t<\/div>\n\t\t\t\t\t\t<\/div>\n\t\t\t\t<\/div>\n\t\t\t\t\t<\/div>\n\t\t<\/div>\n\t\t\t\t<div class=\"elementor-column elementor-col-50 elementor-top-column elementor-element elementor-element-f401b81\" data-id=\"f401b81\" data-element_type=\"column\" data-e-type=\"column\">\n\t\t\t<div class=\"elementor-widget-wrap elementor-element-populated\">\n\t\t\t\t\t\t<div class=\"elementor-element elementor-element-398737c elementor-widget elementor-widget-heading\" data-id=\"398737c\" data-element_type=\"widget\" data-e-type=\"widget\" data-widget_type=\"heading.default\">\n\t\t\t\t<div class=\"elementor-widget-container\">\n\t\t\t\t\t<h5 class=\"elementor-heading-title elementor-size-default\">Ausstattung<\/h5>\t\t\t\t<\/div>\n\t\t\t\t<\/div>\n\t\t\t\t<div class=\"elementor-element elementor-element-6463ca1 elementor-widget elementor-widget-text-editor\" data-id=\"6463ca1\" data-element_type=\"widget\" data-e-type=\"widget\" data-widget_type=\"text-editor.default\">\n\t\t\t\t<div class=\"elementor-widget-container\">\n\t\t\t\t\t\t\t\t\t<p>Unsere Ferienwohnung verf\u00fcgt \u00fcber eine <strong>voll<\/strong> <strong>ausgestattete K\u00fcche<\/strong> mit Geschirrsp\u00fcler, K\u00fchl-\/Gefrierkombination, Kaffeepad- und Kaffeefiltermaschine, Wasserkocher, Toaster, Herd mit Dunstabzugshaube und Backofen. Genie\u00dfen Sie Ihren Aufenthalt in unserer Ferienwohnung mit <strong>moderner Ausstattung, TV&nbsp;<\/strong>mit&nbsp;<strong>Fire TV<\/strong> und schnellem <strong>WLAN<\/strong>. Das gro\u00dfz\u00fcgige Badezimmer ist mit einer <strong>Badewanne<\/strong> inklusive integrierter <strong>Dusche<\/strong> ausgestattet.<\/p>\t\t\t\t\t\t\t\t<\/div>\n\t\t\t\t<\/div>\n\t\t\t\t\t<\/div>\n\t\t<\/div>\n\t\t\t\t\t<\/div>\n\t\t<\/section>\n\t\t\t\t<section class=\"elementor-section elementor-top-section elementor-element elementor-element-9c771a6 elementor-section-boxed elementor-section-height-default elementor-section-height-default\" data-id=\"9c771a6\" data-element_type=\"section\" data-e-type=\"section\">\n\t\t\t\t\t\t<div class=\"elementor-container elementor-column-gap-default\">\n\t\t\t\t\t<div class=\"elementor-column elementor-col-50 elementor-top-column elementor-element elementor-element-bc42c60\" data-id=\"bc42c60\" data-element_type=\"column\" data-e-type=\"column\">\n\t\t\t<div class=\"elementor-widget-wrap elementor-element-populated\">\n\t\t\t\t\t\t<div class=\"elementor-element elementor-element-0073403 elementor-widget elementor-widget-heading\" data-id=\"0073403\" data-element_type=\"widget\" data-e-type=\"widget\" data-widget_type=\"heading.default\">\n\t\t\t\t<div class=\"elementor-widget-container\">\n\t\t\t\t\t<h5 class=\"elementor-heading-title elementor-size-default\">Lage<\/h5>\t\t\t\t<\/div>\n\t\t\t\t<\/div>\n\t\t\t\t<div class=\"elementor-element elementor-element-60241e2 elementor-widget elementor-widget-text-editor\" data-id=\"60241e2\" data-element_type=\"widget\" data-e-type=\"widget\" data-widget_type=\"text-editor.default\">\n\t\t\t\t<div class=\"elementor-widget-container\">\n\t\t\t\t\t\t\t\t\t<p>Den nahe gelegenen <strong>Bodensee <\/strong>erreichen Sie in 15 Minuten mit dem Fahrrad oder in 30 Minuten zu Fu\u00df. Direkt am Haus f\u00fchrt ein Radweg entlang mit Verbindung zum <strong>Bodensee Radweg<\/strong> und auch der Fluss <strong>Schussen<\/strong> ist in ein paar Minuten zu erreichen und l\u00e4dt zu Spazierg\u00e4ngen ein. Eine <strong>Bushaltestelle (<span style=\"color: #3366ff;\"><a style=\"color: #3366ff;\" href=\"https:\/\/www.strauss-reisen.de\/linie\/\">Linie 221<\/a><\/span>)<\/strong> befindet sich in unmittebarer N\u00e4he des Hauses. Besonders praktisch ist der <span style=\"color: #3366ff;\"><a style=\"color: #3366ff;\" href=\"https:\/\/www.martin-obst.com\/24h-automat\/\"><strong>24h Selbstbedienungsautomat<\/strong><\/a><\/span> schr\u00e4g gegen\u00fcber vom Haus, der Ihnen eine Auswahl an frischen Lebensmitteln wie Obst, Gem\u00fcse, Brot, K\u00e4se und Fleisch bietet.<\/p>\t\t\t\t\t\t\t\t<\/div>\n\t\t\t\t<\/div>\n\t\t\t\t\t<\/div>\n\t\t<\/div>\n\t\t\t\t<div class=\"elementor-column elementor-col-50 elementor-top-column elementor-element elementor-element-403e6eb\" data-id=\"403e6eb\" data-element_type=\"column\" data-e-type=\"column\">\n\t\t\t<div class=\"elementor-widget-wrap elementor-element-populated\">\n\t\t\t\t\t\t<div class=\"elementor-element elementor-element-5b8f511 elementor-widget elementor-widget-google_maps\" data-id=\"5b8f511\" data-element_type=\"widget\" data-e-type=\"widget\" data-widget_type=\"google_maps.default\">\n\t\t\t\t<div class=\"elementor-widget-container\">\n\t\t\t\t\t\t\t<div class=\"elementor-custom-embed\">\n\t\t\t<iframe loading=\"lazy\"\n\t\t\t\t\tsrc=\"https:\/\/maps.google.com\/maps?q=Ferienwohnung%20Kast&#038;t=m&#038;z=11&#038;output=embed&#038;iwloc=near\"\n\t\t\t\t\ttitle=\"Ferienwohnung Kast\"\n\t\t\t\t\taria-label=\"Ferienwohnung Kast\"\n\t\t\t><\/iframe>\n\t\t<\/div>\n\t\t\t\t\t\t<\/div>\n\t\t\t\t<\/div>\n\t\t\t\t\t<\/div>\n\t\t<\/div>\n\t\t\t\t\t<\/div>\n\t\t<\/section>\n\t\t\t\t<section class=\"elementor-section elementor-top-section elementor-element elementor-element-cde0efe elementor-section-content-middle elementor-section-height-min-height elementor-section-boxed elementor-section-height-default elementor-section-items-middle\" data-id=\"cde0efe\" data-element_type=\"section\" data-e-type=\"section\" data-settings=\"{&quot;background_background&quot;:&quot;classic&quot;}\">\n\t\t\t\t\t\t<div class=\"elementor-container elementor-column-gap-default\">\n\t\t\t\t\t<div class=\"elementor-column elementor-col-100 elementor-top-column elementor-element elementor-element-8f2eeb9\" data-id=\"8f2eeb9\" data-element_type=\"column\" data-e-type=\"column\">\n\t\t\t<div class=\"elementor-widget-wrap elementor-element-populated\">\n\t\t\t\t\t\t<div class=\"elementor-element elementor-element-322bb4e elementor-widget elementor-widget-heading\" data-id=\"322bb4e\" data-element_type=\"widget\" data-e-type=\"widget\" data-widget_type=\"heading.default\">\n\t\t\t\t<div class=\"elementor-widget-container\">\n\t\t\t\t\t<h3 class=\"elementor-heading-title elementor-size-default\">Fragen?<\/h3>\t\t\t\t<\/div>\n\t\t\t\t<\/div>\n\t\t\t\t<div class=\"elementor-element elementor-element-63eaa9b elementor-widget elementor-widget-text-editor\" data-id=\"63eaa9b\" data-element_type=\"widget\" data-e-type=\"widget\" data-widget_type=\"text-editor.default\">\n\t\t\t\t<div class=\"elementor-widget-container\">\n\t\t\t\t\t\t\t\t\t<p>Wir freuen uns, wenn Sie uns f\u00fcr jegliche Fragen direkt kontaktieren, wir helfen gerne weiter!<\/p>\t\t\t\t\t\t\t\t<\/div>\n\t\t\t\t<\/div>\n\t\t\t\t<div class=\"elementor-element elementor-element-5cc4301 elementor-align-center elementor-widget elementor-widget-button\" data-id=\"5cc4301\" data-element_type=\"widget\" data-e-type=\"widget\" data-widget_type=\"button.default\">\n\t\t\t\t<div class=\"elementor-widget-container\">\n\t\t\t\t\t\t\t\t\t<div class=\"elementor-button-wrapper\">\n\t\t\t\t\t<a class=\"elementor-button elementor-button-link elementor-size-sm\" href=\"https:\/\/fewo-kast-bodensee.de\/index.php\/contact\/\">\n\t\t\t\t\t\t<span class=\"elementor-button-content-wrapper\">\n\t\t\t\t\t\t\t\t\t<span class=\"elementor-button-text\">Kontakt<\/span>\n\t\t\t\t\t<\/span>\n\t\t\t\t\t<\/a>\n\t\t\t\t<\/div>\n\t\t\t\t\t\t\t\t<\/div>\n\t\t\t\t<\/div>\n\t\t\t\t\t<\/div>\n\t\t<\/div>\n\t\t\t\t\t<\/div>\n\t\t<\/section>\n\t\t\t\t<\/div>\n\t\t","protected":false},"excerpt":{"rendered":"<p>Die &shy; ferien&shy;wohnung Wohnung Unsere Ferienwohnung liegt am Rande eines Naturschutzgebietes, umgeben von Obstplantagen. Genie\u00dfen Sie den traumhaften Panoramablick auf die Alpen vom Wohn- und Essbereich sowie von den beiden sch\u00f6nen Balkonen, die nach Osten und S\u00fcden ausgerichtet sind. Die Wohnung bietet auf ca. 75\u00a0m\u00b2 viel Platz und befindet sich im ersten Stock eines Mehrfamilienhauses &hellip;<\/p>\n<p class=\"read-more\"> <a class=\"\" href=\"https:\/\/fewo-kast-bodensee.de\/index.php\/about\/\"> <span class=\"screen-reader-text\">Ferienwohnung<\/span> Read More &raquo;<\/a><\/p>\n","protected":false},"author":1,"featured_media":0,"parent":0,"menu_order":0,"comment_status":"closed","ping_status":"closed","template":"","meta":{"site-sidebar-layout":"no-sidebar","site-content-layout":"page-builder","ast-site-content-layout":"","site-content-style":"default","site-sidebar-style":"default","ast-global-header-display":"","ast-banner-title-visibility":"","ast-main-header-display":"","ast-hfb-above-header-display":"","ast-hfb-below-header-display":"","ast-hfb-mobile-header-display":"","site-post-title":"disabled","ast-breadcrumbs-content":"","ast-featured-img":"disabled","footer-sml-layout":"","theme-transparent-header-meta":"enabled","adv-header-id-meta":"","stick-header-meta":"","header-above-stick-meta":"","header-main-stick-meta":"","header-below-stick-meta":"","astra-migrate-meta-layouts":"","ast-page-background-enabled":"default","ast-page-background-meta":{"desktop":{"background-color":"var(--ast-global-color-4)","background-image":"","background-repeat":"repeat","background-position":"center center","background-size":"auto","background-attachment":"scroll","background-type":"","background-media":"","overlay-type":"","overlay-color":"","overlay-gradient":""},"tablet":{"background-color":"","background-image":"","background-repeat":"repeat","background-position":"center center","background-size":"auto","background-attachment":"scroll","background-type":"","background-media":"","overlay-type":"","overlay-color":"","overlay-gradient":""},"mobile":{"background-color":"","background-image":"","background-repeat":"repeat","background-position":"center center","background-size":"auto","background-attachment":"scroll","background-type":"","background-media":"","overlay-type":"","overlay-color":"","overlay-gradient":""}},"ast-content-background-meta":{"desktop":{"background-color":"var(--ast-global-color-5)","background-image":"","background-repeat":"repeat","background-position":"center center","background-size":"auto","background-attachment":"scroll","background-type":"","background-media":"","overlay-type":"","overlay-color":"","overlay-gradient":""},"tablet":{"background-color":"var(--ast-global-color-5)","background-image":"","background-repeat":"repeat","background-position":"center center","background-size":"auto","background-attachment":"scroll","background-type":"","background-media":"","overlay-type":"","overlay-color":"","overlay-gradient":""},"mobile":{"background-color":"var(--ast-global-color-5)","background-image":"","background-repeat":"repeat","background-position":"center center","background-size":"auto","background-attachment":"scroll","background-type":"","background-media":"","overlay-type":"","overlay-color":"","overlay-gradient":""}},"footnotes":""},"class_list":["post-14","page","type-page","status-publish","hentry"],"_links":{"self":[{"href":"https:\/\/fewo-kast-bodensee.de\/index.php\/wp-json\/wp\/v2\/pages\/14","targetHints":{"allow":["GET"]}}],"collection":[{"href":"https:\/\/fewo-kast-bodensee.de\/index.php\/wp-json\/wp\/v2\/pages"}],"about":[{"href":"https:\/\/fewo-kast-bodensee.de\/index.php\/wp-json\/wp\/v2\/types\/page"}],"author":[{"embeddable":true,"href":"https:\/\/fewo-kast-bodensee.de\/index.php\/wp-json\/wp\/v2\/users\/1"}],"replies":[{"embeddable":true,"href":"https:\/\/fewo-kast-bodensee.de\/index.php\/wp-json\/wp\/v2\/comments?post=14"}],"version-history":[{"count":176,"href":"https:\/\/fewo-kast-bodensee.de\/index.php\/wp-json\/wp\/v2\/pages\/14\/revisions"}],"predecessor-version":[{"id":2586,"href":"https:\/\/fewo-kast-bodensee.de\/index.php\/wp-json\/wp\/v2\/pages\/14\/revisions\/2586"}],"wp:attachment":[{"href":"https:\/\/fewo-kast-bodensee.de\/index.php\/wp-json\/wp\/v2\/media?parent=14"}],"curies":[{"name":"wp","href":"https:\/\/api.w.org\/{rel}","templated":true}]}}